{"id":3411,"date":"2023-09-20T15:54:26","date_gmt":"2023-09-20T15:54:26","guid":{"rendered":"https:\/\/vinclecerdanya.com\/propiedades\/"},"modified":"2024-05-24T10:36:50","modified_gmt":"2024-05-24T10:36:50","slug":"propiedades","status":"publish","type":"page","link":"https:\/\/vinclecerdanya.com\/es\/propiedades\/","title":{"rendered":"Inmuebles en venta en La Cerdanya"},"content":{"rendered":"<div class=\"wpb-content-wrapper\"><p>[vc_row unlock_row_content=\u00bbyes\u00bb row_height_percent=\u00bb100&#8243; override_padding=\u00bbyes\u00bb h_padding=\u00bb0&#8243; top_padding=\u00bb2&#8243; bottom_padding=\u00bb0&#8243; back_color=\u00bbcolor-104119&#8243; overlay_alpha=\u00bb50&#8243; gutter_size=\u00bb3&#8243; column_width_percent=\u00bb100&#8243; shift_y=\u00bb0&#8243; z_index=\u00bb0&#8243; uncode_shortcode_id=\u00bb425210&#8243; back_color_type=\u00bbuncode-palette\u00bb][vc_column column_width_percent=\u00bb100&#8243; gutter_size=\u00bb3&#8243; style=\u00bbdark\u00bb overlay_alpha=\u00bb50&#8243; shift_x=\u00bb0&#8243; shift_y=\u00bb0&#8243; shift_y_down=\u00bb0&#8243; z_index=\u00bb0&#8243; medium_width=\u00bb0&#8243; mobile_width=\u00bb0&#8243; width=\u00bb1\/1&#8243; uncode_shortcode_id=\u00bb787882&#8243;][uncode_index el_id=\u00bbcustom-propiedad-gallery\u00bb loop=\u00bbsize:All|order_by:rand|post_type:propiedad|taxonomy_sort:DESC|taxonomy_count:10&#8243; index_back_color=\u00bbcolor-104119&#8243; screen_lg=\u00bb1000&#8243; screen_md=\u00bb600&#8243; screen_sm=\u00bb480&#8243; filtering=\u00bbajax\u00bb ajax_filters_content_block_id=\u00bb931&#8243; gutter_size_ajax_filters=\u00bb0&#8243; column_size_ajax_filters=\u00bb3&#8243; filtering_menu=\u00bbinside\u00bb filtering_uppercase=\u00bbyes\u00bb active_filters=\u00bbleft\u00bb clear_all=\u00bbshow\u00bb gutter_size=\u00bb0&#8243; inner_padding=\u00bbyes\u00bb propiedad_items=\u00bbmedia|featured|onpost|original,title,sep-one|reduced,precio,habitaciones,banos,aseos,metros_cuadrados_vivienda,link|default|default_size|scale_mobile|+ Info\u00bb pagination=\u00bbyes\u00bb footer_style=\u00bbdark\u00bb pagination_disable_history=\u00bbyes\u00bb single_text=\u00bboverlay\u00bb images_size=\u00bbfour-three\u00bb single_overlay_color=\u00bbcolor-jevc\u00bb single_overlay_opacity=\u00bb24&#8243; single_overlay_visible=\u00bbyes\u00bb single_text_visible=\u00bbyes\u00bb single_h_align=\u00bbcenter\u00bb single_h_align_mobile=\u00bbcenter\u00bb single_padding=\u00bb2&#8243; single_text_reduced=\u00bbyes\u00bb single_title_family=\u00bbfont-203347&#8243; single_title_dimension=\u00bbh3&#8243; single_title_weight=\u00bb300&#8243; single_title_transform=\u00bbuppercase\u00bb single_border=\u00bbyes\u00bb uncode_shortcode_id=\u00bb115578&#8243; index_back_color_type=\u00bbuncode-palette\u00bb filter_toggle_show_text=\u00bbFiltre la b\u00fasqueda\u00bb filter_toggle_hide_text=\u00bbOcultar filtros\u00bb][\/vc_column][\/vc_row]<\/p>\n<\/div>","protected":false},"excerpt":{"rendered":"<p>Descubre la m\u00e1s amplia selecci\u00f3n de propiedades en venta en La Cerdanya, desde casas y adosados \u200b\u200bhasta apartamentos y parcelas en localidades premium como Bolvir, Puigcerd\u00e0, Ll\u00edvia y m\u00e1s. Encuentra tu sitio ideal en el coraz\u00f3n de los Pirineos, con opciones que se adaptan a cada estilo de vida y preferencia. Vive rodeado de naturaleza, cultura e historia en la Alta Cerdanya y sus encantadoras poblaciones.<\/p>\n","protected":false},"author":10,"featured_media":0,"parent":0,"menu_order":0,"comment_status":"closed","ping_status":"closed","template":"","meta":{"_acf_changed":false,"footnotes":""},"class_list":["post-3411","page","type-page","status-publish","hentry"],"acf":[],"_links":{"self":[{"href":"https:\/\/vinclecerdanya.com\/es\/wp-json\/wp\/v2\/pages\/3411","targetHints":{"allow":["GET"]}}],"collection":[{"href":"https:\/\/vinclecerdanya.com\/es\/wp-json\/wp\/v2\/pages"}],"about":[{"href":"https:\/\/vinclecerdanya.com\/es\/wp-json\/wp\/v2\/types\/page"}],"author":[{"embeddable":true,"href":"https:\/\/vinclecerdanya.com\/es\/wp-json\/wp\/v2\/users\/10"}],"replies":[{"embeddable":true,"href":"https:\/\/vinclecerdanya.com\/es\/wp-json\/wp\/v2\/comments?post=3411"}],"version-history":[{"count":0,"href":"https:\/\/vinclecerdanya.com\/es\/wp-json\/wp\/v2\/pages\/3411\/revisions"}],"wp:attachment":[{"href":"https:\/\/vinclecerdanya.com\/es\/wp-json\/wp\/v2\/media?parent=3411"}],"curies":[{"name":"wp","href":"https:\/\/api.w.org\/{rel}","templated":true}]}}