{"id":3316,"date":"2023-10-27T15:06:41","date_gmt":"2023-10-27T15:06:41","guid":{"rendered":"https:\/\/vinclecerdanya.com\/vender\/"},"modified":"2024-02-28T18:08:04","modified_gmt":"2024-02-28T18:08:04","slug":"vender","status":"publish","type":"page","link":"https:\/\/vinclecerdanya.com\/es\/vender\/","title":{"rendered":"Vender"},"content":{"rendered":"<div class=\"wpb-content-wrapper\"><p>[vc_row row_height_percent=\u00bb100&#8243; override_padding=\u00bbyes\u00bb h_padding=\u00bb2&#8243; top_padding=\u00bb2&#8243; bottom_padding=\u00bb0&#8243; back_color=\u00bbcolor-xsdn\u00bb back_image=\u00bb1262&#8243; overlay_color=\u00bbcolor-jevc\u00bb overlay_alpha=\u00bb49&#8243; equal_height=\u00bbyes\u00bb gutter_size=\u00bb0&#8243; column_width_use_pixel=\u00bbyes\u00bb shift_y=\u00bb0&#8243; z_index=\u00bb0&#8243; enable_bottom_divider=\u00bbdefault\u00bb shape_bottom_invert=\u00bbyes\u00bb shape_bottom_h_use_pixel=\u00bb\u00bb shape_bottom_height=\u00bb150&#8243; shape_bottom_opacity=\u00bb100&#8243; shape_bottom_index=\u00bb0&#8243; row_name=\u00bbWelcome\u00bb uncode_shortcode_id=\u00bb683323&#8243; back_color_type=\u00bbuncode-palette\u00bb overlay_color_type=\u00bbuncode-palette\u00bb][vc_column column_width_use_pixel=\u00bbyes\u00bb position_vertical=\u00bbmiddle\u00bb align_horizontal=\u00bbalign_center\u00bb gutter_size=\u00bb3&#8243; style=\u00bbdark\u00bb overlay_alpha=\u00bb50&#8243; shift_x=\u00bb0&#8243; shift_y=\u00bb0&#8243; shift_y_down=\u00bb0&#8243; z_index=\u00bb0&#8243; medium_width=\u00bb0&#8243; mobile_width=\u00bb0&#8243; width=\u00bb1\/1&#8243;][vc_row_inner row_inner_height_percent=\u00bb0&#8243; overlay_alpha=\u00bb50&#8243; gutter_size=\u00bb3&#8243; shift_y=\u00bb0&#8243; z_index=\u00bb0&#8243;][vc_column_inner column_width_percent=\u00bb68&#8243; position_vertical=\u00bbmiddle\u00bb align_horizontal=\u00bbalign_center\u00bb gutter_size=\u00bb3&#8243; style=\u00bbdark\u00bb overlay_alpha=\u00bb50&#8243; shift_x=\u00bb0&#8243; shift_y=\u00bb0&#8243; shift_y_down=\u00bb0&#8243; z_index=\u00bb0&#8243; medium_width=\u00bb0&#8243; mobile_width=\u00bb0&#8243; width=\u00bb1\/1&#8243; uncode_shortcode_id=\u00bb767153&#8243;][vc_custom_heading heading_semantic=\u00bbh1&#8243; text_font=\u00bbfont-203347&#8243; text_size=\u00bbfontsize-182175&#8243; text_weight=\u00bb600&#8243; css_animation=\u00bbtop-t-bottom\u00bb animation_delay=\u00bb200&#8243; uncode_shortcode_id=\u00bb166732&#8243;]Vende tu casa por su valor real con Vincle Cerdanya[\/vc_custom_heading][\/vc_column_inner][\/vc_row_inner][vc_row_inner row_inner_height_percent=\u00bb0&#8243; overlay_alpha=\u00bb50&#8243; gutter_size=\u00bb3&#8243; shift_y=\u00bb0&#8243; z_index=\u00bb0&#8243;][vc_column_inner column_width_use_pixel=\u00bbyes\u00bb position_vertical=\u00bbmiddle\u00bb align_horizontal=\u00bbalign_center\u00bb gutter_size=\u00bb3&#8243; style=\u00bbdark\u00bb overlay_alpha=\u00bb50&#8243; shift_x=\u00bb0&#8243; shift_y=\u00bb0&#8243; shift_y_down=\u00bb0&#8243; z_index=\u00bb0&#8243; medium_width=\u00bb0&#8243; mobile_width=\u00bb0&#8243; width=\u00bb1\/1&#8243; column_width_pixel=\u00bb740&#8243;][vc_custom_heading text_font=\u00bbfont-203347&#8243; text_size=\u00bbh3&#8243; text_weight=\u00bb300&#8243; uncode_shortcode_id=\u00bb723587&#8243;]Conf\u00eda en nosotros para ayudarte a obtener el valor adecuado de tu propiedad. Nuestras soluciones inmobiliarias garantizan la mejor transacci\u00f3n del valor actual y el potencial de tu propiedad.[\/vc_custom_heading][vc_button button_color=\u00bbaccent\u00bb size=\u00bbbtn-lg\u00bb border_animation=\u00bbbtn-ripple-out\u00bb hover_fx=\u00bbfull-colored\u00bb outline=\u00bbyes\u00bb shadow=\u00bbyes\u00bb shadow_weight=\u00bbsm\u00bb custom_typo=\u00bbyes\u00bb font_family=\u00bbfont-203347&#8243; font_weight=\u00bb800&#8243; text_transform=\u00bbuppercase\u00bb border_width=\u00bb0&#8243; css_animation=\u00bbbottom-t-top\u00bb animation_delay=\u00bb800&#8243; link=\u00bburl:https%3A%2F%2Fvinclecerdanya.com%2Fes%2Fvaloracion%2F|title:Propiedades|\u00bb uncode_shortcode_id=\u00bb120949&#8243; button_color_type=\u00bbuncode-palette\u00bb]Quiero el mejor valor[\/vc_button][\/vc_column_inner][\/vc_row_inner][\/vc_column][\/vc_row][vc_row row_height_percent=\u00bb0&#8243; override_padding=\u00bbyes\u00bb h_padding=\u00bb2&#8243; top_padding=\u00bb0&#8243; bottom_padding=\u00bb2&#8243; overlay_alpha=\u00bb50&#8243; gutter_size=\u00bb3&#8243; column_width_percent=\u00bb100&#8243; shift_y=\u00bb-5&#8243; z_index=\u00bb0&#8243; uncode_shortcode_id=\u00bb134869&#8243;][vc_column column_width_percent=\u00bb100&#8243; align_horizontal=\u00bbalign_center\u00bb gutter_size=\u00bb3&#8243; overlay_alpha=\u00bb50&#8243; shift_x=\u00bb0&#8243; shift_y=\u00bb0&#8243; shift_y_down=\u00bb0&#8243; z_index=\u00bb10&#8243; medium_width=\u00bb0&#8243; mobile_width=\u00bb0&#8243; width=\u00bb1\/1&#8243; uncode_shortcode_id=\u00bb885694&#8243;][vc_row_inner row_inner_height_percent=\u00bb0&#8243; overlay_alpha=\u00bb50&#8243; gutter_size=\u00bb3&#8243; shift_y=\u00bb0&#8243; z_index=\u00bb0&#8243; medium_visibility=\u00bbyes\u00bb mobile_visibility=\u00bbyes\u00bb uncode_shortcode_id=\u00bb192615&#8243;][vc_column_inner width=\u00bb1\/1&#8243;][vc_single_image media=\u00bb1219&#8243; media_width_percent=\u00bb67&#8243; alignment=\u00bbcenter\u00bb css_animation=\u00bbbottom-t-top\u00bb uncode_shortcode_id=\u00bb573053&#8243;][\/vc_column_inner][\/vc_row_inner][vc_row_inner row_inner_height_percent=\u00bb0&#8243; overlay_alpha=\u00bb50&#8243; gutter_size=\u00bb3&#8243; shift_y=\u00bb0&#8243; z_index=\u00bb0&#8243;][vc_column_inner column_width_percent=\u00bb72&#8243; align_horizontal=\u00bbalign_center\u00bb gutter_size=\u00bb2&#8243; overlay_alpha=\u00bb50&#8243; shift_x=\u00bb0&#8243; shift_y=\u00bb0&#8243; shift_y_down=\u00bb0&#8243; z_index=\u00bb0&#8243; medium_width=\u00bb0&#8243; mobile_width=\u00bb0&#8243; width=\u00bb1\/1&#8243; uncode_shortcode_id=\u00bb156400&#8243;][vc_custom_heading heading_semantic=\u00bbh3&#8243; text_font=\u00bbfont-203347&#8243; text_size=\u00bbh1&#8243; uncode_shortcode_id=\u00bb149298&#8243;]Obtenga el verdadero valor de la propiedad con Vincle Cerdanya[\/vc_custom_heading][vc_column_text text_lead=\u00bbyes\u00bb uncode_shortcode_id=\u00bb109338&#8243;]Perm\u00edtenos ayudarte a navegar por el mercado inmobiliario en la Cerdanya. Nuestro equipo de profesionales experimentados te proporcionar\u00e1 un servicio personalizado, asesoramiento experto y una estrategia de marketing integral para asegurar que su propiedad alcance su valor potencial completo.[\/vc_column_text][\/vc_column_inner][\/vc_row_inner][\/vc_column][\/vc_row][vc_row row_height_percent=\u00bb0&#8243; override_padding=\u00bbyes\u00bb h_padding=\u00bb2&#8243; top_padding=\u00bb5&#8243; bottom_padding=\u00bb5&#8243; overlay_alpha=\u00bb100&#8243; gutter_size=\u00bb100&#8243; column_width_percent=\u00bb100&#8243; shift_y=\u00bb0&#8243; z_index=\u00bb0&#8243; style=\u00bbinherited\u00bb][vc_column column_width_percent=\u00bb100&#8243; align_horizontal=\u00bbalign_center\u00bb gutter_size=\u00bb3&#8243; style=\u00bblight\u00bb overlay_alpha=\u00bb50&#8243; shift_x=\u00bb0&#8243; shift_y=\u00bb0&#8243; z_index=\u00bb0&#8243; medium_width=\u00bb0&#8243; zoom_width=\u00bb0&#8243; zoom_height=\u00bb0&#8243; width=\u00bb1\/1&#8243;][uncode_slider slider_interval=\u00bb5000&#8243; slider_navspeed=\u00bb1000&#8243;][vc_row_inner row_inner_height_percent=\u00bb0&#8243; overlay_color=\u00bbcolor-gyho\u00bb overlay_alpha=\u00bb50&#8243; gutter_size=\u00bb4&#8243; shift_y=\u00bb0&#8243;][vc_column_inner width=\u00bb1\/2&#8243;][vc_single_image media=\u00bb1273&#8243; media_width_percent=\u00bb100&#8243; uncode_shortcode_id=\u00bb817309&#8243;][\/vc_column_inner][vc_column_inner width=\u00bb1\/2&#8243;][vc_custom_heading text_font=\u00bbfont-203347&#8243; uncode_shortcode_id=\u00bb368606&#8243;]Maximiza el valor de tu propiedad con nosotros[\/vc_custom_heading][vc_column_text text_lead=\u00bbyes\u00bb uncode_shortcode_id=\u00bb144647&#8243;]En Vincle Cerdanya , comprendemos el verdadero potencial de tu propiedad. Deja que nuestro experimentado equipo destaque sus caracter\u00edsticas \u00fanicas y obtenga su valor real. Vende tu casa al mejor precio y aprovecha todo el potencial de tu inversi\u00f3n.[\/vc_column_text][\/vc_column_inner][\/vc_row_inner][vc_row_inner row_inner_height_percent=\u00bb0&#8243; overlay_color=\u00bbcolor-gyho\u00bb overlay_alpha=\u00bb50&#8243; gutter_size=\u00bb4&#8243; shift_y=\u00bb0&#8243;][vc_column_inner width=\u00bb1\/2&#8243;][vc_custom_heading text_font=\u00bbfont-203347&#8243; uncode_shortcode_id=\u00bb182092&#8243;]Experiencia local, alcance global[\/vc_custom_heading][vc_column_text text_lead=\u00bbyes\u00bb uncode_shortcode_id=\u00bb138408&#8243;]Vende tu propiedad con confianza. Como residentes de la Cerdanya, entendemos las necesidades y deseos \u00fanicos de los compradores, dada nuestra experiencia desde hace m\u00e1s de 20 a\u00f1os en la venta de segundas residencias en las m\u00e1s cotizadas urbanizaciones de la comarca. Conf\u00eda en nosotros para aprovechar nuestro conocimiento de informaci\u00f3n privilegiada y atraer a los clientes adecuados, asegurando as\u00ed el mejor valor para tu propiedad.[\/vc_column_text][\/vc_column_inner][vc_column_inner width=\u00bb1\/2&#8243;][vc_single_image media=\u00bb1913&#8243; media_width_percent=\u00bb100&#8243; uncode_shortcode_id=\u00bb132259&#8243;][\/vc_column_inner][\/vc_row_inner][vc_row_inner row_inner_height_percent=\u00bb0&#8243; overlay_color=\u00bbcolor-gyho\u00bb overlay_alpha=\u00bb50&#8243; gutter_size=\u00bb4&#8243; shift_y=\u00bb0&#8243;][vc_column_inner width=\u00bb1\/2&#8243;][vc_single_image media=\u00bb1274&#8243; media_width_percent=\u00bb100&#8243; uncode_shortcode_id=\u00bb606892&#8243;][\/vc_column_inner][vc_column_inner width=\u00bb1\/2&#8243;][vc_custom_heading text_font=\u00bbfont-203347&#8243; uncode_shortcode_id=\u00bb108471&#8243;]Transacciones inmobiliarias sin esfuerzo[\/vc_custom_heading][vc_column_text text_lead=\u00bbyes\u00bb uncode_shortcode_id=\u00bb110669&#8243;]Con Vincle Cerdanya , experimenta un proceso de venta de propiedades transparente y sin complicaciones. Nuestro equipo te asegura una gesti\u00f3n f\u00e1cil y c\u00f3moda, permiti\u00e9ndote centrarte en lo que realmente importa: obtener el mejor valor por tu propiedad. Disfruta de la tranquilidad de saber que est\u00e1s en manos expertas.[\/vc_column_text][\/vc_column_inner][\/vc_row_inner][\/uncode_slider][\/vc_column][\/vc_row][vc_row unlock_row_content=\u00bbyes\u00bb row_height_percent=\u00bb0&#8243; overlay_alpha=\u00bb50&#8243; gutter_size=\u00bb3&#8243; column_width_percent=\u00bb100&#8243; shift_y=\u00bb0&#8243; z_index=\u00bb0&#8243; uncode_shortcode_id=\u00bb146460&#8243;][vc_column column_width_percent=\u00bb100&#8243; position_vertical=\u00bbmiddle\u00bb align_horizontal=\u00bbalign_center\u00bb gutter_size=\u00bb3&#8243; overlay_alpha=\u00bb50&#8243; shift_x=\u00bb0&#8243; shift_y=\u00bb0&#8243; shift_y_down=\u00bb0&#8243; z_index=\u00bb0&#8243; medium_width=\u00bb0&#8243; mobile_width=\u00bb0&#8243; width=\u00bb1\/1&#8243; uncode_shortcode_id=\u00bb883217&#8243;][vc_custom_heading heading_semantic=\u00bbh3&#8243; text_font=\u00bbfont-203347&#8243; text_size=\u00bbh1&#8243; uncode_shortcode_id=\u00bb222747&#8243;]<strong><em>+2000<\/em> propietarios felices<\/strong>[\/vc_custom_heading][\/vc_column][\/vc_row][vc_row unlock_row_content=\u00bbyes\u00bb row_height_percent=\u00bb0&#8243; override_padding=\u00bbyes\u00bb h_padding=\u00bb2&#8243; top_padding=\u00bb2&#8243; bottom_padding=\u00bb2&#8243; overlay_alpha=\u00bb50&#8243; equal_height=\u00bbyes\u00bb gutter_size=\u00bb4&#8243; column_width_percent=\u00bb100&#8243; shift_y=\u00bb0&#8243; z_index=\u00bb0&#8243; uncode_shortcode_id=\u00bb199436&#8243;][vc_column width=\u00bb1\/3&#8243;][vc_icon display=\u00bbinline\u00bb icon_image=\u00bb1236&#8243; icon_color=\u00bbcolor-104119&#8243; media_size=\u00bb150&#8243; heading_semantic=\u00bbh5&#8243; text_font=\u00bbfont-203347&#8243; text_weight=\u00bb600&#8243; uncode_shortcode_id=\u00bb152409&#8243; title=\u00bbExpertos Inmobiliarios\u00bb icon_color_type=\u00bbuncode-palette\u00bb]En Vincle Cerdanya somos expertos inmobiliarios con una profunda pasi\u00f3n por la Cerdanya. Nuestra experiencia y conocimiento en el sector nos posicionan como l\u00edderes en la compraventa de propiedades. Con un enfoque personalizado, nos dedicamos a ofrecer soluciones inmobiliarias que satisfagan las necesidades espec\u00edficas de cada cliente, garantizando siempre un servicio de excelencia.[\/vc_icon][\/vc_column][vc_column width=\u00bb1\/3&#8243;][vc_icon display=\u00bbinline\u00bb icon_image=\u00bb1281&#8243; icon_color=\u00bbcolor-104119&#8243; media_size=\u00bb150&#8243; heading_semantic=\u00bbh5&#8243; text_font=\u00bbfont-203347&#8243; text_weight=\u00bb600&#8243; uncode_shortcode_id=\u00bb137192&#8243; title=\u00bbMarketing &amp; Digital\u00bb icon_color_type=\u00bbuncode-palette\u00bb]En Vincle Cerdanya , no s\u00f3lo somos expertos en bienes ra\u00edces, sino tambi\u00e9n en marketing y estrategias digitales. Combinamos las mejores pr\u00e1cticas de ambos mundos para ofrecer propiedades de forma innovadora y efectiva. Utilizando herramientas digitales de vanguardia y t\u00e1cticas de marketing probadas, garantizamos que cada propiedad reciba la m\u00e1xima visibilidad y llegue al mercado actual.[\/vc_icon][\/vc_column][vc_column width=\u00bb1\/3&#8243;][vc_icon display=\u00bbinline\u00bb icon_image=\u00bb1282&#8243; icon_color=\u00bbcolor-104119&#8243; media_size=\u00bb150&#8243; heading_semantic=\u00bbh5&#8243; text_font=\u00bbfont-203347&#8243; text_weight=\u00bb600&#8243; uncode_shortcode_id=\u00bb376265&#8243; title=\u00bbEquipo asesor\u00bb icon_color_type=\u00bbuncode-palette\u00bb]En Vincle Cerdanya , nos enorgullece contar con un destacado equipo asesor. Este grupo de profesionales altamente capacitados ofrece orientaci\u00f3n y consejo en cada paso del proceso inmobiliario. Con un enfoque proactivo y un profundo conocimiento del mercado, nuestro equipo garantiza decisiones informadas y estrategias personalizadas que se alinean con las metas y aspiraciones de nuestros clientes.[\/vc_icon][\/vc_column][\/vc_row][vc_row row_height_percent=\u00bb43&#8243; override_padding=\u00bbyes\u00bb h_padding=\u00bb2&#8243; top_padding=\u00bb2&#8243; bottom_padding=\u00bb0&#8243; back_color=\u00bbcolor-104119&#8243; overlay_color=\u00bbcolor-357399&#8243; overlay_alpha=\u00bb48&#8243; equal_height=\u00bbyes\u00bb gutter_size=\u00bb0&#8243; column_width_use_pixel=\u00bbyes\u00bb shift_y=\u00bb0&#8243; z_index=\u00bb0&#8243; row_name=\u00bbWelcome\u00bb uncode_shortcode_id=\u00bb153854&#8243; back_color_type=\u00bbuncode-palette\u00bb overlay_color_type=\u00bbuncode-palette\u00bb][vc_column column_width_use_pixel=\u00bbyes\u00bb position_vertical=\u00bbmiddle\u00bb align_horizontal=\u00bbalign_center\u00bb gutter_size=\u00bb3&#8243; style=\u00bbdark\u00bb overlay_alpha=\u00bb50&#8243; shift_x=\u00bb0&#8243; shift_y=\u00bb0&#8243; shift_y_down=\u00bb0&#8243; z_index=\u00bb0&#8243; medium_width=\u00bb0&#8243; mobile_width=\u00bb0&#8243; width=\u00bb1\/1&#8243;][vc_row_inner row_inner_height_percent=\u00bb0&#8243; overlay_alpha=\u00bb50&#8243; gutter_size=\u00bb3&#8243; shift_y=\u00bb0&#8243; z_index=\u00bb0&#8243;][vc_column_inner column_width_percent=\u00bb68&#8243; position_vertical=\u00bbmiddle\u00bb align_horizontal=\u00bbalign_center\u00bb gutter_size=\u00bb3&#8243; style=\u00bbdark\u00bb overlay_alpha=\u00bb50&#8243; shift_x=\u00bb0&#8243; shift_y=\u00bb0&#8243; shift_y_down=\u00bb0&#8243; z_index=\u00bb0&#8243; medium_width=\u00bb0&#8243; mobile_width=\u00bb0&#8243; width=\u00bb1\/1&#8243; uncode_shortcode_id=\u00bb767153&#8243;][vc_custom_heading heading_semantic=\u00bbh1&#8243; text_font=\u00bbfont-203347&#8243; text_size=\u00bbh1&#8243; text_weight=\u00bb600&#8243; css_animation=\u00bbtop-t-bottom\u00bb animation_delay=\u00bb200&#8243; uncode_shortcode_id=\u00bb736408&#8243;]Experimenta la diferencia de vender con un FULL<em> equip<\/em>[\/vc_custom_heading][\/vc_column_inner][\/vc_row_inner][vc_row_inner row_inner_height_percent=\u00bb0&#8243; overlay_alpha=\u00bb50&#8243; gutter_size=\u00bb3&#8243; shift_y=\u00bb0&#8243; z_index=\u00bb0&#8243;][vc_column_inner column_width_use_pixel=\u00bbyes\u00bb position_vertical=\u00bbmiddle\u00bb align_horizontal=\u00bbalign_center\u00bb gutter_size=\u00bb3&#8243; style=\u00bbdark\u00bb overlay_alpha=\u00bb50&#8243; shift_x=\u00bb0&#8243; shift_y=\u00bb0&#8243; shift_y_down=\u00bb0&#8243; z_index=\u00bb0&#8243; medium_width=\u00bb0&#8243; mobile_width=\u00bb0&#8243; width=\u00bb1\/1&#8243; column_width_pixel=\u00bb740&#8243;][vc_button button_color=\u00bbaccent\u00bb size=\u00bbbtn-lg\u00bb border_animation=\u00bbbtn-ripple-out\u00bb hover_fx=\u00bbfull-colored\u00bb outline=\u00bbyes\u00bb shadow=\u00bbyes\u00bb shadow_weight=\u00bbsm\u00bb custom_typo=\u00bbyes\u00bb font_family=\u00bbfont-203347&#8243; font_weight=\u00bb800&#8243; text_transform=\u00bbuppercase\u00bb border_width=\u00bb0&#8243; css_animation=\u00bbbottom-t-top\u00bb animation_delay=\u00bb800&#8243; link=\u00bburl:https%3A%2F%2Fvinclecerdanya.com%2Fes%2Fvaloracion%2F|title:Propiedades|\u00bb uncode_shortcode_id=\u00bb227482&#8243; button_color_type=\u00bbuncode-palette\u00bb]Quiero la mejor valoraci\u00f3n sin compromiso[\/vc_button][vc_column_text text_lead=\u00bbsmall\u00bb uncode_shortcode_id=\u00bb155916&#8243;]Inf\u00f3rmate sin compromiso.[\/vc_column_text][\/vc_column_inner][\/vc_row_inner][\/vc_column][\/vc_row]<\/p>\n<\/div>","protected":false},"excerpt":{"rendered":"<p>[vc_row row_height_percent=\u00bb100&#8243; override_padding=\u00bbyes\u00bb h_padding=\u00bb2&#8243; top_padding=\u00bb2&#8243; bottom_padding=\u00bb0&#8243; back_color=\u00bbcolor-xsdn\u00bb back_image=\u00bb1262&#8243; overlay_color=\u00bbcolor-jevc\u00bb overlay_alpha=\u00bb49&#8243; equal_height=\u00bbyes\u00bb gutter_size=\u00bb0&#8243; column_width_use_pixel=\u00bbyes\u00bb shift_y=\u00bb0&#8243; z_index=\u00bb0&#8243; enable_bottom_divider=\u00bbdefault\u00bb shape_bottom_invert=\u00bbyes\u00bb shape_bottom_h_use_pixel=\u00bb\u00bb shape_bottom_height=\u00bb150&#8243; shape_bottom_opacity=\u00bb100&#8243; [&hellip;]<\/p>\n","protected":false},"author":10,"featured_media":0,"parent":0,"menu_order":0,"comment_status":"closed","ping_status":"closed","template":"","meta":{"_acf_changed":false,"footnotes":""},"class_list":["post-3316","page","type-page","status-publish","hentry"],"acf":[],"_links":{"self":[{"href":"https:\/\/vinclecerdanya.com\/es\/wp-json\/wp\/v2\/pages\/3316","targetHints":{"allow":["GET"]}}],"collection":[{"href":"https:\/\/vinclecerdanya.com\/es\/wp-json\/wp\/v2\/pages"}],"about":[{"href":"https:\/\/vinclecerdanya.com\/es\/wp-json\/wp\/v2\/types\/page"}],"author":[{"embeddable":true,"href":"https:\/\/vinclecerdanya.com\/es\/wp-json\/wp\/v2\/users\/10"}],"replies":[{"embeddable":true,"href":"https:\/\/vinclecerdanya.com\/es\/wp-json\/wp\/v2\/comments?post=3316"}],"version-history":[{"count":0,"href":"https:\/\/vinclecerdanya.com\/es\/wp-json\/wp\/v2\/pages\/3316\/revisions"}],"wp:attachment":[{"href":"https:\/\/vinclecerdanya.com\/es\/wp-json\/wp\/v2\/media?parent=3316"}],"curies":[{"name":"wp","href":"https:\/\/api.w.org\/{rel}","templated":true}]}}