{"id":3315,"date":"2023-07-21T04:32:57","date_gmt":"2023-07-21T04:32:57","guid":{"rendered":"https:\/\/vinclecerdanya.com\/poblaciones\/bellver-de-cerdanya\/"},"modified":"2024-05-16T06:10:11","modified_gmt":"2024-05-16T06:10:11","slug":"bellver-de-cerdanya","status":"publish","type":"page","link":"https:\/\/vinclecerdanya.com\/es\/poblaciones\/bellver-de-cerdanya\/","title":{"rendered":"BELLVER DE CERDANYA"},"content":{"rendered":"<div class=\"wpb-content-wrapper\"><p>[vc_row row_height_percent=\u00bb10&#8243; override_padding=\u00bbyes\u00bb h_padding=\u00bb2&#8243; top_padding=\u00bb1&#8243; bottom_padding=\u00bb1&#8243; back_color=\u00bbcolor-104119&#8243; overlay_alpha=\u00bb50&#8243; gutter_size=\u00bb3&#8243; column_width_percent=\u00bb100&#8243; shift_y=\u00bb0&#8243; z_index=\u00bb0&#8243; uncode_shortcode_id=\u00bb119760&#8243; back_color_type=\u00bbuncode-palette\u00bb][vc_column column_width_percent=\u00bb100&#8243; position_vertical=\u00bbmiddle\u00bb align_horizontal=\u00bbalign_center\u00bb gutter_size=\u00bb3&#8243; style=\u00bbdark\u00bb overlay_alpha=\u00bb50&#8243; shift_x=\u00bb0&#8243; shift_y=\u00bb0&#8243; shift_y_down=\u00bb0&#8243; z_index=\u00bb0&#8243; medium_width=\u00bb0&#8243; mobile_width=\u00bb0&#8243; width=\u00bb1\/1&#8243; uncode_shortcode_id=\u00bb717403&#8243;][vc_custom_heading text_font=\u00bbfont-203347&#8243; text_size=\u00bbh6&#8243; text_weight=\u00bb300&#8243; text_transform=\u00bbuppercase\u00bb text_space=\u00bbfontspace-103206&#8243; uncode_shortcode_id=\u00bb177153&#8243;]BELLVER DE CERDANYA[\/vc_custom_heading][\/vc_column][\/vc_row][vc_row row_height_percent=\u00bb10&#8243; override_padding=\u00bbyes\u00bb h_padding=\u00bb2&#8243; top_padding=\u00bb3&#8243; bottom_padding=\u00bb3&#8243; back_color=\u00bbcolor-xsdn\u00bb overlay_alpha=\u00bb50&#8243; gutter_size=\u00bb3&#8243; column_width_percent=\u00bb100&#8243; shift_y=\u00bb0&#8243; z_index=\u00bb0&#8243; uncode_shortcode_id=\u00bb901555&#8243; back_color_type=\u00bbuncode-palette\u00bb][vc_column column_width_percent=\u00bb100&#8243; position_vertical=\u00bbmiddle\u00bb align_horizontal=\u00bbalign_center\u00bb gutter_size=\u00bb3&#8243; overlay_alpha=\u00bb50&#8243; shift_x=\u00bb0&#8243; shift_y=\u00bb0&#8243; shift_y_down=\u00bb0&#8243; z_index=\u00bb0&#8243; medium_width=\u00bb0&#8243; mobile_width=\u00bb0&#8243; width=\u00bb1\/1&#8243; uncode_shortcode_id=\u00bb125687&#8243;][vc_column_text text_lead=\u00bbyes\u00bb uncode_shortcode_id=\u00bb176093&#8243;]Destaca como uno de los municipios m\u00e1s amplios de la comarca, con varios y pintorescos n\u00facleos urbanos donde se preserva y respeta el gusto de la autenticidad tanto en las calles como en la arquitectura. Pueblos como Tall\u00f3, Pi, Santa Magdalena, Santa Eugenia, Oli\u00e0, Cort\u00e0s, Boro, \u00c9ller, y hasta un total de veintid\u00f3s n\u00facleos agregados, convierten esta localidad en un lugar id\u00f3neo para explorar las innumerables rutas y excursiones, ya sea \u200b\u200ba pie, a caballo o en bicicleta de monta\u00f1a, descubriendo el rico patrimonio rom\u00e1nico.<\/p>\n<p>Bellver de Cerdanya, como capital municipal, ofrece todo tipo de servicios, restaurantes y comercios, convirti\u00e9ndolo en un lugar ideal para disfrutar durante todo el a\u00f1o.[\/vc_column_text][\/vc_column][\/vc_row][vc_row row_height_percent=\u00bb5&#8243; override_padding=\u00bbyes\u00bb h_padding=\u00bb2&#8243; top_padding=\u00bb1&#8243; bottom_padding=\u00bb1&#8243; back_color=\u00bbcolor-gyho\u00bb overlay_alpha=\u00bb50&#8243; gutter_size=\u00bb3&#8243; column_width_percent=\u00bb100&#8243; shift_y=\u00bb0&#8243; z_index=\u00bb0&#8243; uncode_shortcode_id=\u00bb126793&#8243; back_color_type=\u00bbuncode-palette\u00bb][vc_column column_width_percent=\u00bb100&#8243; position_vertical=\u00bbmiddle\u00bb align_horizontal=\u00bbalign_center\u00bb gutter_size=\u00bb3&#8243; style=\u00bblight\u00bb overlay_alpha=\u00bb50&#8243; shift_x=\u00bb0&#8243; shift_y=\u00bb0&#8243; shift_y_down=\u00bb0&#8243; z_index=\u00bb0&#8243; medium_width=\u00bb0&#8243; mobile_width=\u00bb0&#8243; width=\u00bb1\/1&#8243; uncode_shortcode_id=\u00bb110350&#8243;][vc_custom_heading text_font=\u00bbfont-203347&#8243; text_size=\u00bbh6&#8243; text_weight=\u00bb300&#8243; text_transform=\u00bbuppercase\u00bb text_space=\u00bbfontspace-103206&#8243; uncode_shortcode_id=\u00bb123205&#8243;]PROPIEDADES[\/vc_custom_heading][\/vc_column][\/vc_row][vc_row unlock_row_content=\u00bbyes\u00bb row_height_percent=\u00bb5&#8243; override_padding=\u00bbyes\u00bb h_padding=\u00bb0&#8243; top_padding=\u00bb1&#8243; bottom_padding=\u00bb1&#8243; back_color=\u00bbcolor-xsdn\u00bb overlay_alpha=\u00bb50&#8243; gutter_size=\u00bb3&#8243; column_width_percent=\u00bb100&#8243; shift_y=\u00bb0&#8243; z_index=\u00bb0&#8243; uncode_shortcode_id=\u00bb131039&#8243; back_color_type=\u00bbuncode-palette\u00bb][vc_column column_width_percent=\u00bb100&#8243; position_vertical=\u00bbmiddle\u00bb align_horizontal=\u00bbalign_center\u00bb gutter_size=\u00bb3&#8243; style=\u00bblight\u00bb overlay_alpha=\u00bb50&#8243; shift_x=\u00bb0&#8243; shift_y=\u00bb0&#8243; shift_y_down=\u00bb0&#8243; z_index=\u00bb0&#8243; medium_width=\u00bb0&#8243; mobile_width=\u00bb0&#8243; width=\u00bb1\/1&#8243; uncode_shortcode_id=\u00bb110350&#8243;][uncode_index el_id=\u00bbcustom-propiedad-gallery\u00bb loop=\u00bbsize:100|order_by:date|post_type:propiedad|tax_query:327|taxonomy_count:100&#8243; index_back_color=\u00bbcolor-104119&#8243; screen_lg=\u00bb1000&#8243; screen_md=\u00bb600&#8243; screen_sm=\u00bb480&#8243; gutter_size=\u00bb0&#8243; inner_padding=\u00bbyes\u00bb propiedad_items=\u00bbmedia|featured|onpost|original,title,sep-one|full,precio,habitaciones,banos,aseos,metros_cuadrados_vivienda,link|default|default_size|scale_mobile|Veure informaci\u00f3\u00bb infinite=\u00bbyes\u00bb infinite_button=\u00bbicon\u00bb footer_full_width=\u00bbyes\u00bb advanced_videos=\u00bbyes\u00bb single_text=\u00bboverlay\u00bb images_size=\u00bbfour-three\u00bb single_overlay_color=\u00bbcolor-jevc\u00bb single_overlay_opacity=\u00bb25&#8243; single_overlay_visible=\u00bbyes\u00bb single_text_visible=\u00bbyes\u00bb single_h_align=\u00bbcenter\u00bb single_h_align_mobile=\u00bbcenter\u00bb single_padding=\u00bb2&#8243; single_text_reduced=\u00bbyes\u00bb single_title_family=\u00bbfont-203347&#8243; single_title_dimension=\u00bbh3&#8243; single_title_weight=\u00bb300&#8243; single_title_transform=\u00bbuppercase\u00bb single_border=\u00bbyes\u00bb uncode_shortcode_id=\u00bb505024&#8243; index_back_color_type=\u00bbuncode-palette\u00bb][\/vc_column][\/vc_row]<\/p>\n<\/div>","protected":false},"excerpt":{"rendered":"<p>[vc_row row_height_percent=\u00bb10&#8243; override_padding=\u00bbyes\u00bb h_padding=\u00bb2&#8243; top_padding=\u00bb1&#8243; bottom_padding=\u00bb1&#8243; back_color=\u00bbcolor-104119&#8243; overlay_alpha=\u00bb50&#8243; gutter_size=\u00bb3&#8243; column_width_percent=\u00bb100&#8243; shift_y=\u00bb0&#8243; z_index=\u00bb0&#8243; uncode_shortcode_id=\u00bb119760&#8243; back_color_type=\u00bbuncode-palette\u00bb][vc_column column_width_percent=\u00bb100&#8243; position_vertical=\u00bbmiddle\u00bb align_horizontal=\u00bbalign_center\u00bb gutter_size=\u00bb3&#8243; style=\u00bbdark\u00bb overlay_alpha=\u00bb50&#8243; [&hellip;]<\/p>\n","protected":false},"author":10,"featured_media":2408,"parent":3271,"menu_order":0,"comment_status":"closed","ping_status":"closed","template":"","meta":{"_acf_changed":false,"footnotes":""},"class_list":["post-3315","page","type-page","status-publish","has-post-thumbnail","hentry","page_category-bellver-de-cerdanya-es"],"acf":[],"_links":{"self":[{"href":"https:\/\/vinclecerdanya.com\/es\/wp-json\/wp\/v2\/pages\/3315","targetHints":{"allow":["GET"]}}],"collection":[{"href":"https:\/\/vinclecerdanya.com\/es\/wp-json\/wp\/v2\/pages"}],"about":[{"href":"https:\/\/vinclecerdanya.com\/es\/wp-json\/wp\/v2\/types\/page"}],"author":[{"embeddable":true,"href":"https:\/\/vinclecerdanya.com\/es\/wp-json\/wp\/v2\/users\/10"}],"replies":[{"embeddable":true,"href":"https:\/\/vinclecerdanya.com\/es\/wp-json\/wp\/v2\/comments?post=3315"}],"version-history":[{"count":0,"href":"https:\/\/vinclecerdanya.com\/es\/wp-json\/wp\/v2\/pages\/3315\/revisions"}],"up":[{"embeddable":true,"href":"https:\/\/vinclecerdanya.com\/es\/wp-json\/wp\/v2\/pages\/3271"}],"wp:featuredmedia":[{"embeddable":true,"href":"https:\/\/vinclecerdanya.com\/es\/wp-json\/wp\/v2\/media\/2408"}],"wp:attachment":[{"href":"https:\/\/vinclecerdanya.com\/es\/wp-json\/wp\/v2\/media?parent=3315"}],"curies":[{"name":"wp","href":"https:\/\/api.w.org\/{rel}","templated":true}]}}