{"id":3299,"date":"2023-05-18T06:07:20","date_gmt":"2023-05-18T04:07:20","guid":{"rendered":"https:\/\/vinclecerdanya.com\/hombre\/"},"modified":"2025-12-30T19:20:13","modified_gmt":"2025-12-30T17:20:13","slug":"hombre","status":"publish","type":"page","link":"https:\/\/vinclecerdanya.com\/es\/","title":{"rendered":"Inicio"},"content":{"rendered":"<div class=\"wpb-content-wrapper\"><p>[vc_row row_height_percent=\u00bb0&#8243; overlay_alpha=\u00bb50&#8243; equal_height=\u00bbyes\u00bb gutter_size=\u00bb3&#8243; column_width_percent=\u00bb100&#8243; shift_y=\u00bb0&#8243; z_index=\u00bb0&#8243; uncode_shortcode_id=\u00bb935571&#8243;][vc_column width=\u00bb1\/1&#8243;][vc_custom_heading text_color=\u00bbaccent\u00bb heading_semantic=\u00bbh6&#8243; text_font=\u00bbfont-203347&#8243; text_size=\u00bbh4&#8243; text_weight=\u00bb300&#8243; uncode_shortcode_id=\u00bb568110&#8243; text_color_type=\u00bbuncode-palette\u00bb]<em>Vincle<\/em> <strong>Expertise<\/strong>[\/vc_custom_heading][vc_row_inner limit_content=\u00bb\u00bb][vc_column_inner column_width_percent=\u00bb100&#8243; position_horizontal=\u00bbleft\u00bb gutter_size=\u00bb3&#8243; overlay_alpha=\u00bb50&#8243; shift_x=\u00bb0&#8243; shift_y=\u00bb0&#8243; shift_y_down=\u00bb0&#8243; z_index=\u00bb0&#8243; medium_width=\u00bb0&#8243; mobile_width=\u00bb0&#8243; width=\u00bb1\/3&#8243; uncode_shortcode_id=\u00bb149041&#8243;][vc_custom_heading text_font=\u00bbfont-203347&#8243; text_weight=\u00bb300&#8243; uncode_shortcode_id=\u00bb227585&#8243;]La amamos, la conocemos, <strong>vivimos la Cerdanya<\/strong>[\/vc_custom_heading][vc_column_text uncode_shortcode_id=\u00bb520875&#8243;]<pre class=\"ti-widget\"><template id=\"trustindex-google-widget-html\"><div class=\" ti-widget  ti-goog ti-disable-font ti-show-rating-text ti-review-text-mode-readmore ti-text-align-left\" data-no-translation=\"true\" data-time-locale=\"%d %s ago|today|day|days|week|weeks|month|months|year|years\" data-plugin-version=\"13.2.9\" data-layout-id=\"104\" data-layout-category=\"badge, top-rated-badge\" data-set-id=\"light-minimal\" data-pid=\"\" data-language=\"en\" data-close-locale=\"Close\" data-css-version=\"2\" data-size=\"1\"> <div class=\"ti-widget-container\"> <div class=\"ti-header source-Google\"> <trustindex-image class=\"ti-platform-icon\" data-imgurl=\"https:\/\/cdn.trustindex.io\/assets\/platform\/Google\/icon.svg\" alt=\"Google\" width=\"20\" height=\"20\" loading=\"lazy\"><\/trustindex-image> <div class=\"ti-header-inner\"> <div class=\"ti-profile-details\"> <div class=\"ti-stars\"><trustindex-image class=\"ti-star\" data-imgurl=\"https:\/\/cdn.trustindex.io\/assets\/platform\/Google\/star\/f.svg\" alt=\"Google star 1\" width=\"17\" height=\"17\" loading=\"lazy\"><\/trustindex-image><trustindex-image class=\"ti-star\" data-imgurl=\"https:\/\/cdn.trustindex.io\/assets\/platform\/Google\/star\/f.svg\" alt=\"Google star 2\" width=\"17\" height=\"17\" loading=\"lazy\"><\/trustindex-image><trustindex-image class=\"ti-star\" data-imgurl=\"https:\/\/cdn.trustindex.io\/assets\/platform\/Google\/star\/f.svg\" alt=\"Google star 3\" width=\"17\" height=\"17\" loading=\"lazy\"><\/trustindex-image><trustindex-image class=\"ti-star\" data-imgurl=\"https:\/\/cdn.trustindex.io\/assets\/platform\/Google\/star\/f.svg\" alt=\"Google star 4\" width=\"17\" height=\"17\" loading=\"lazy\"><\/trustindex-image><trustindex-image class=\"ti-star\" data-imgurl=\"https:\/\/cdn.trustindex.io\/assets\/platform\/Google\/star\/f.svg\" alt=\"Google star 5\" width=\"17\" height=\"17\" loading=\"lazy\"><\/trustindex-image><\/div> <span class=\"ti-rating\">4.8<\/span> <\/div> <div class=\"ti-top-rated-title\">Top Rated  Service<\/div> <div class=\"ti-verified-by\">verified by Trustindex <span class=\"ti-info-icon\"><\/span><\/div> <div class=\"ti-disclaimer\">Trustindex verifies that the company has a review score above 4.5, based on reviews collected on Google over the past 12 months, qualifying it to receive the <a href=\"https:\/\/www.trustindex.io\/?a=sys&amp;c=wp-top-rated-badge&amp;url=\/the-trustindex-verified-badge\/\" target=\"_blank\" rel=\"noopener\">Top Rated Certificate<\/a>.<\/div> <\/div> <\/div> <\/div> <\/div> <\/template><\/pre><div data-src=\"https:\/\/cdn.trustindex.io\/loader.js?wp-widget\" data-template-id=\"trustindex-google-widget-html\" data-css-url=\"https:\/\/vinclecerdanya.com\/wp-content\/uploads\/trustindex-google-widget.css?1773967453\"><\/div>[\/vc_column_text][\/vc_column_inner][vc_column_inner width=\u00bb2\/3&#8243;][vc_column_text text_lead=\u00bbyes\u00bb uncode_shortcode_id=\u00bb197924&#8243;]Vincle Cerdanya es una inmobiliaria de prestigio situada en la bonita comarca de la Cerdanya. Especializada en la venta de exclusivas y encantadoras viviendas en las principales poblaciones de la zona, Vincle Cerdanya se destaca por su enfoque en la alta calidad y el servicio al cliente. Nos hemos consolidado como referente en el mercado inmobiliario de la comarca, ofreciendo una amplia variedad de propiedades para satisfacer todas las necesidades y preferencias. Descubre las mejores propiedades de la Cerdanya desde nuestra oficina en Puigcerd\u00e0.[\/vc_column_text][\/vc_column_inner][\/vc_row_inner][\/vc_column][\/vc_row][vc_row row_height_percent=\u00bb5&#8243; override_padding=\u00bbyes\u00bb h_padding=\u00bb2&#8243; top_padding=\u00bb1&#8243; bottom_padding=\u00bb1&#8243; back_color=\u00bbcolor-gyho\u00bb overlay_alpha=\u00bb50&#8243; gutter_size=\u00bb3&#8243; column_width_percent=\u00bb100&#8243; shift_y=\u00bb0&#8243; z_index=\u00bb0&#8243; uncode_shortcode_id=\u00bb126793&#8243; back_color_type=\u00bbuncode-palette\u00bb][vc_column column_width_percent=\u00bb100&#8243; position_vertical=\u00bbmiddle\u00bb align_horizontal=\u00bbalign_center\u00bb gutter_size=\u00bb3&#8243; style=\u00bblight\u00bb overlay_alpha=\u00bb50&#8243; shift_x=\u00bb0&#8243; shift_y=\u00bb0&#8243; shift_y_down=\u00bb0&#8243; z_index=\u00bb0&#8243; medium_width=\u00bb0&#8243; mobile_width=\u00bb0&#8243; width=\u00bb1\/1&#8243; uncode_shortcode_id=\u00bb110350&#8243;][vc_custom_heading text_font=\u00bbfont-203347&#8243; text_size=\u00bbh6&#8243; text_weight=\u00bb300&#8243; text_transform=\u00bbuppercase\u00bb text_space=\u00bbfontspace-103206&#8243; uncode_shortcode_id=\u00bb987544&#8243;]Novedades\/Destacados[\/vc_custom_heading][\/vc_column][\/vc_row][vc_row unlock_row_content=\u00bbyes\u00bb row_height_percent=\u00bb5&#8243; override_padding=\u00bbyes\u00bb h_padding=\u00bb0&#8243; top_padding=\u00bb1&#8243; bottom_padding=\u00bb1&#8243; back_color=\u00bbcolor-xsdn\u00bb overlay_alpha=\u00bb50&#8243; gutter_size=\u00bb3&#8243; column_width_percent=\u00bb100&#8243; shift_y=\u00bb0&#8243; z_index=\u00bb0&#8243; uncode_shortcode_id=\u00bb131039&#8243; back_color_type=\u00bbuncode-palette\u00bb][vc_column column_width_percent=\u00bb100&#8243; position_vertical=\u00bbmiddle\u00bb align_horizontal=\u00bbalign_center\u00bb gutter_size=\u00bb3&#8243; style=\u00bblight\u00bb overlay_alpha=\u00bb50&#8243; shift_x=\u00bb0&#8243; shift_y=\u00bb0&#8243; shift_y_down=\u00bb0&#8243; z_index=\u00bb0&#8243; medium_width=\u00bb0&#8243; mobile_width=\u00bb0&#8243; width=\u00bb1\/1&#8243; uncode_shortcode_id=\u00bb110350&#8243;][uncode_index el_id=\u00bbcustom-propiedad-gallery\u00bb index_type=\u00bbcarousel\u00bb loop=\u00bbsize:10|order_by:date|post_type:propiedad|tax_query:350|taxonomy_count:10&#8243; carousel_lg=\u00bb3&#8243; carousel_md=\u00bb3&#8243; carousel_sm=\u00bb1&#8243; thumb_size=\u00bbfour-three\u00bb gutter_size=\u00bb0&#8243; propiedad_items=\u00bbmedia|featured|onpost|original,title,sep-one|reduced,precio,habitaciones,banos,aseos,metros_cuadrados_vivienda,link|default|default_size|scale_mobile|+ Info\u00bb carousel_height=\u00bbequal\u00bb carousel_interval=\u00bb3000&#8243; carousel_navspeed=\u00bb400&#8243; carousel_loop=\u00bbyes\u00bb carousel_nav_skin=\u00bbdark\u00bb carousel_dots=\u00bbyes\u00bb stage_padding=\u00bb0&#8243; single_text=\u00bboverlay\u00bb single_back_color=\u00bbcolor-xsdn\u00bb single_overlay_color=\u00bbcolor-jevc\u00bb single_overlay_opacity=\u00bb50&#8243; single_overlay_visible=\u00bbyes\u00bb single_text_visible=\u00bbyes\u00bb single_h_align=\u00bbcenter\u00bb single_h_align_mobile=\u00bbcenter\u00bb single_padding=\u00bb0&#8243; single_title_family=\u00bbfont-203347&#8243; single_title_dimension=\u00bbh3&#8243; single_title_weight=\u00bb300&#8243; single_border=\u00bbyes\u00bb properties_items=\u00bbtitle,media|featured|onpost|original,icon|sm\u00bb uncode_shortcode_id=\u00bb584503&#8243;][\/vc_column][\/vc_row][vc_row row_height_percent=\u00bb5&#8243; override_padding=\u00bbyes\u00bb h_padding=\u00bb2&#8243; top_padding=\u00bb2&#8243; bottom_padding=\u00bb1&#8243; overlay_alpha=\u00bb50&#8243; gutter_size=\u00bb3&#8243; column_width_percent=\u00bb100&#8243; shift_y=\u00bb0&#8243; z_index=\u00bb0&#8243; uncode_shortcode_id=\u00bb922437&#8243;][vc_column column_width_percent=\u00bb100&#8243; position_vertical=\u00bbmiddle\u00bb align_horizontal=\u00bbalign_center\u00bb gutter_size=\u00bb2&#8243; style=\u00bblight\u00bb overlay_alpha=\u00bb50&#8243; shift_x=\u00bb0&#8243; shift_y=\u00bb0&#8243; shift_y_down=\u00bb0&#8243; z_index=\u00bb0&#8243; medium_width=\u00bb0&#8243; mobile_width=\u00bb0&#8243; width=\u00bb1\/1&#8243; uncode_shortcode_id=\u00bb718220&#8243;][vc_custom_heading text_font=\u00bbfont-203347&#8243; text_size=\u00bbh6&#8243; text_weight=\u00bb300&#8243; text_transform=\u00bbuppercase\u00bb text_space=\u00bbfontspace-103206&#8243; uncode_shortcode_id=\u00bb652748&#8243;]Hablan de nosotros[\/vc_custom_heading][vc_separator sep_color=\u00bbcolor-uydo\u00bb uncode_shortcode_id=\u00bb160553&#8243; sep_color_type=\u00bbuncode-palette\u00bb el_width=\u00bb20%\u00bb el_height=\u00bb1&#8243;][vc_gallery el_id=\u00bbgallery-125532&#8243; type=\u00bbcarousel\u00bb medias=\u00bb24383,2372,2373,2371,2374,2370&#8243; carousel_lg=\u00bb5&#8243; carousel_md=\u00bb3&#8243; carousel_sm=\u00bb2&#8243; gutter_size=\u00bb0&#8243; media_items=\u00bbmedia|nolink|original\u00bb carousel_height=\u00bbequal\u00bb carousel_interval=\u00bb3000&#8243; carousel_navspeed=\u00bb400&#8243; carousel_loop=\u00bbyes\u00bb stage_padding=\u00bb0&#8243; single_overlay_opacity=\u00bb1&#8243; single_padding=\u00bb2&#8243; single_border=\u00bbyes\u00bb uncode_shortcode_id=\u00bb469859&#8243; items=\u00bbeyIyMDhfaSI6eyJzaW5nbGVfbGluayI6InVybDpodHRwczovL2Nyb25pY2FnbG9iYWwuZWxlc3Bhbm9sLmNvbS92aWRhLzIwMjMwNTAzL2xvcy1yaWVzZ29zLXZlbmRlci1jdWVudGEtc2VndW4tdmluY2xlLWNlcmRhbnlhLzc2MDkyMzk1Nl8wLmh0bWx8dGFyZ2V0Ol9ibGFua3xyZWw6bm9mb2xsb3ciLCJzaW5nbGVfbGF5b3V0X21lZGlhX2l0ZW1zIjoibWVkaWF8Y3VzdG9tX2xpbmt8b3JpZ2luYWwifSwiMjA5X2kiOnsic2luZ2xlX2xpbmsiOiJ1cmw6aHR0cHM6Ly9kaWFyaW8xNnBsdXMuY29tL3Bvci1xdWUtZGViZXMtY29udGFyLWNvbi11bi1hc2Vzb3ItaW5tb2JpbGlhcmlvLWEtbGEtaG9yYS1kZS12ZW5kZXItdHUtdml2aWVuZGEvfHRhcmdldDpfYmxhbmt8cmVsOm5vZm9sbG93Iiwic2luZ2xlX2xheW91dF9tZWRpYV9pdGVtcyI6Im1lZGlhfGN1c3RvbV9saW5rfG9yaWdpbmFsIn0sIjIxMF9pIjp7InNpbmdsZV9saW5rIjoidXJsOmh0dHBzOi8vdGhlbHV4b25vbWlzdC5lcy9saWZlc3R5bGUvYXJxdWl0ZWN0dXJhL3JlY29tZW5kYWNpb25lcy1wYXJhLWNvbXByYXItdHUtY2FzYS1pZGVhbC1lbi1sYS1jZXJkYW55YXx0YXJnZXQ6X2JsYW5rfHJlbDpub2ZvbGxvdyIsInNpbmdsZV9sYXlvdXRfbWVkaWFfaXRlbXMiOiJtZWRpYXxjdXN0b21fbGlua3xvcmlnaW5hbCJ9LCIyMTFfaSI6eyJzaW5nbGVfbGluayI6InVybDpodHRwczovL3d3dy5tZXJjYTIuZXMvMjAyMy8wNC8wMy9jb21wcmFyLWNhbGlkYWQtZGUtdmlkYS1lbi1sYS1jZXJkYW55YS0xMjcwNzYxL3x0YXJnZXQ6X2JsYW5rfHJlbDpub2ZvbGxvdyIsInNpbmdsZV9sYXlvdXRfbWVkaWFfaXRlbXMiOiJtZWRpYXxjdXN0b21fbGlua3xvcmlnaW5hbCJ9LCIyNDM4Ml9pIjp7InNpbmdsZV9saW5rIjoidXJsOmh0dHBzOi8vbmFjaW9kaWdpdGFsLmNhdC9icmFuZGVkL3ZpbmNsZS1jZXJkYW55YS1leGNlbGxlbmNpYS1pbW1vYmlsaWFyaWEtY29yLXBpcmluZXVfMjA5MDE4NV8xMDIuaHRtbHx0YXJnZXQ6X2JsYW5rIiwic2luZ2xlX2xheW91dF9tZWRpYV9pdGVtcyI6Im1lZGlhfGN1c3RvbV9saW5rfG9yaWdpbmFsIn19&#8243;][\/vc_column][\/vc_row][vc_row unlock_row_content=\u00bbyes\u00bb row_height_percent=\u00bb0&#8243; override_padding=\u00bbyes\u00bb h_padding=\u00bb0&#8243; top_padding=\u00bb0&#8243; bottom_padding=\u00bb0&#8243; back_color=\u00bbcolor-xsdn\u00bb overlay_alpha=\u00bb50&#8243; equal_height=\u00bbyes\u00bb gutter_size=\u00bb0&#8243; column_width_percent=\u00bb100&#8243; shift_y=\u00bb0&#8243; z_index=\u00bb0&#8243; el_class=\u00bboverflow-hidden\u00bb uncode_shortcode_id=\u00bb469209&#8243; back_color_type=\u00bbuncode-palette\u00bb][vc_column column_width_percent=\u00bb100&#8243; gutter_size=\u00bb0&#8243; override_padding=\u00bbyes\u00bb column_padding=\u00bb4&#8243; expand_height=\u00bbyes\u00bb back_image=\u00bb34372&#8243; overlay_alpha=\u00bb50&#8243; shift_x=\u00bb0&#8243; shift_y=\u00bb0&#8243; shift_y_down=\u00bb0&#8243; z_index=\u00bb0&#8243; medium_width=\u00bb0&#8243; mobile_width=\u00bb0&#8243; width=\u00bb6\/12&#8243; mobile_height=\u00bb260&#8243; uncode_shortcode_id=\u00bb258585&#8243;][\/vc_column][vc_column column_width_percent=\u00bb100&#8243; gutter_size=\u00bb0&#8243; style=\u00bbdark\u00bb back_color=\u00bbcolor-104119&#8243; overlay_alpha=\u00bb50&#8243; shift_x=\u00bb0&#8243; shift_y=\u00bb0&#8243; shift_y_down=\u00bb0&#8243; z_index=\u00bb0&#8243; medium_width=\u00bb0&#8243; mobile_width=\u00bb0&#8243; width=\u00bb3\/12&#8243; uncode_shortcode_id=\u00bb130550&#8243; back_color_type=\u00bbuncode-palette\u00bb][vc_row_inner row_inner_height_percent=\u00bb60&#8243; overlay_alpha=\u00bb49&#8243; equal_height=\u00bbyes\u00bb gutter_size=\u00bb0&#8243; shift_y=\u00bb0&#8243; z_index=\u00bb0&#8243; uncode_shortcode_id=\u00bb159942&#8243; limit_content=\u00bb\u00bb][vc_column_inner column_width_percent=\u00bb100&#8243; position_vertical=\u00bbmiddle\u00bb gutter_size=\u00bb3&#8243; override_padding=\u00bbyes\u00bb column_padding=\u00bb3&#8243; style=\u00bbdark\u00bb overlay_alpha=\u00bb50&#8243; shift_x=\u00bb0&#8243; shift_y=\u00bb0&#8243; shift_y_down=\u00bb0&#8243; z_index=\u00bb0&#8243; align_medium=\u00bbalign_center_tablet\u00bb medium_width=\u00bb0&#8243; align_mobile=\u00bbalign_center_mobile\u00bb mobile_width=\u00bb0&#8243; width=\u00bb1\/1&#8243; uncode_shortcode_id=\u00bb675731&#8243;][vc_custom_heading text_color=\u00bbaccent\u00bb heading_semantic=\u00bbh6&#8243; text_font=\u00bbfont-203347&#8243; text_size=\u00bbh5&#8243; text_weight=\u00bb300&#8243; uncode_shortcode_id=\u00bb673794&#8243; text_color_type=\u00bbuncode-palette\u00bb]<em>Vincle<\/em> <strong>Human<\/strong>[\/vc_custom_heading][vc_custom_heading heading_semantic=\u00bbh1&#8243; text_font=\u00bbfont-203347&#8243; text_weight=\u00bb300&#8243; uncode_shortcode_id=\u00bb187388&#8243;]Tus expertos inmobiliarios en la Cerdanya[\/vc_custom_heading][vc_column_text uncode_shortcode_id=\u00bb136493&#8243;]<strong>\u00bfQuieres vender de forma r\u00e1pida y segura? \u00bfQuieres comprar la casa de tus sue\u00f1os sin complicaciones?<\/strong> Te ayudamos y asesoramos en todo el proceso de forma honesta, sincera y transparente.[\/vc_column_text][vc_empty_space][vc_button size=\u00bbbtn-sm\u00bb text_skin=\u00bbyes\u00bb border_width=\u00bb0&#8243; display=\u00bbinline\u00bb link=\u00bburl:https%3A%2F%2Fvinclecerdanya.com%2Fes%2Fvincle-cerdanya%2F|title:Vincle%20Cerdanya|target:_blank|\u00bb uncode_shortcode_id=\u00bb135320&#8243; el_class=\u00bbnostre\u00bb]Nuestro equipo[\/vc_button][\/vc_column_inner][\/vc_row_inner][\/vc_column][vc_column column_width_percent=\u00bb100&#8243; gutter_size=\u00bb3&#8243; override_padding=\u00bbyes\u00bb column_padding=\u00bb4&#8243; back_image=\u00bb2386&#8243; overlay_alpha=\u00bb50&#8243; shift_x=\u00bb0&#8243; shift_y=\u00bb0&#8243; shift_y_down=\u00bb0&#8243; z_index=\u00bb0&#8243; medium_width=\u00bb0&#8243; mobile_width=\u00bb0&#8243; width=\u00bb3\/12&#8243; mobile_height=\u00bb450&#8243; uncode_shortcode_id=\u00bb188963&#8243;][\/vc_column][\/vc_row][vc_row row_height_percent=\u00bb0&#8243; override_padding=\u00bbyes\u00bb h_padding=\u00bb2&#8243; top_padding=\u00bb5&#8243; bottom_padding=\u00bb5&#8243; overlay_alpha=\u00bb50&#8243; gutter_size=\u00bb3&#8243; column_width_percent=\u00bb100&#8243; shift_y=\u00bb0&#8243; z_index=\u00bb0&#8243; enable_bottom_divider=\u00bbdefault\u00bb bottom_divider=\u00bbstep_3_4&#8243; shape_bottom_h_use_pixel=\u00bbtrue\u00bb shape_bottom_height_percent=\u00bb60&#8243; shape_bottom_color=\u00bbcolor-gyho\u00bb shape_bottom_opacity=\u00bb100&#8243; shape_bottom_index=\u00bb0&#8243; desktop_visibility=\u00bbyes\u00bb medium_visibility=\u00bbyes\u00bb mobile_visibility=\u00bbyes\u00bb content_parallax=\u00bb0&#8243; uncode_shortcode_id=\u00bb198768&#8243; shape_bottom_color_type=\u00bbuncode-palette\u00bb][vc_column column_width_percent=\u00bb100&#8243; position_vertical=\u00bbmiddle\u00bb gutter_size=\u00bb4&#8243; overlay_alpha=\u00bb50&#8243; shift_x=\u00bb0&#8243; shift_y=\u00bb0&#8243; shift_y_down=\u00bb0&#8243; z_index=\u00bb0&#8243; medium_width=\u00bb0&#8243; mobile_width=\u00bb0&#8243; width=\u00bb1\/1&#8243;][vc_row_inner row_inner_height_percent=\u00bb0&#8243; overlay_alpha=\u00bb50&#8243; equal_height=\u00bbyes\u00bb gutter_size=\u00bb4&#8243; shift_y=\u00bb0&#8243; z_index=\u00bb0&#8243; el_class=\u00bbinverted-device-order\u00bb limit_content=\u00bb\u00bb uncode_shortcode_id=\u00bb364543&#8243;][vc_column_inner column_width_percent=\u00bb100&#8243; gutter_size=\u00bb2&#8243; overlay_alpha=\u00bb50&#8243; shift_x=\u00bb0&#8243; shift_y=\u00bb0&#8243; shift_y_down=\u00bb0&#8243; z_index=\u00bb0&#8243; medium_width=\u00bb0&#8243; mobile_width=\u00bb0&#8243; parallax_intensity=\u00bb2&#8243; width=\u00bb2\/3&#8243; uncode_shortcode_id=\u00bb679459&#8243;][vc_custom_heading text_color=\u00bbaccent\u00bb heading_semantic=\u00bbh6&#8243; text_font=\u00bbfont-203347&#8243; text_size=\u00bbh4&#8243; text_weight=\u00bb300&#8243; uncode_shortcode_id=\u00bb964081&#8243; text_color_type=\u00bbuncode-palette\u00bb]<em>Vincle<\/em> <strong>Magazine<\/strong>[\/vc_custom_heading][vc_custom_heading heading_semantic=\u00bbh3&#8243; text_font=\u00bbfont-203347&#8243; uncode_shortcode_id=\u00bb136992&#8243;]Conozca sobre el sector en nuestro magazine[\/vc_custom_heading][vc_button size=\u00bbbtn-link\u00bb custom_typo=\u00bbyes\u00bb font_family=\u00bbfont-555555&#8243; font_weight=\u00bb100&#8243; icon_position=\u00bbright\u00bb scale_mobile=\u00bbno\u00bb icon=\u00bbfa fa-arrow-right2&#8243; uncode_shortcode_id=\u00bb125818&#8243; link=\u00bburl:https%3A%2F%2Fvinclecerdanya.com%2Fes%2Fmagazine%2F|title:Blog%20Media|\u00bb]Publicaciones[\/vc_button][\/vc_column_inner][vc_column_inner column_width_percent=\u00bb100&#8243; position_vertical=\u00bbbottom\u00bb align_horizontal=\u00bbalign_right\u00bb gutter_size=\u00bb2&#8243; overlay_alpha=\u00bb50&#8243; shift_x=\u00bb0&#8243; shift_y=\u00bb0&#8243; shift_y_down=\u00bb0&#8243; z_index=\u00bb0&#8243; medium_visibility=\u00bbyes\u00bb medium_width=\u00bb0&#8243; mobile_visibility=\u00bbyes\u00bb mobile_width=\u00bb0&#8243; width=\u00bb1\/3&#8243; uncode_shortcode_id=\u00bb186488&#8243;][uncode_vertical_text text_align=\u00bbtop\u00bb position=\u00bbright\u00bb flip=\u00bbyes\u00bb vertical_text_h_pos=\u00bb4&#8243; vertical_text_v_pos=\u00bb0&#8243; z_index=\u00bb2&#8243; text_size=\u00bbh6&#8243; mobile_visibility=\u00bbyes\u00bb uncode_shortcode_id=\u00bb207104&#8243;]\u2e3b Top[\/uncode_vertical_text][\/vc_column_inner][\/vc_row_inner][vc_row_inner limit_content=\u00bb\u00bb][vc_column_inner column_width_percent=\u00bb100&#8243; gutter_size=\u00bb3&#8243; overlay_alpha=\u00bb50&#8243; shift_x=\u00bb0&#8243; shift_y=\u00bb0&#8243; shift_y_down=\u00bb0&#8243; z_index=\u00bb0&#8243; medium_width=\u00bb0&#8243; mobile_width=\u00bb0&#8243; css_animation=\u00bbright-t-left\u00bb animation_speed=\u00bb1000&#8243; width=\u00bb1\/1&#8243; uncode_shortcode_id=\u00bb192956&#8243;][uncode_index el_id=\u00bbindex-183931&#8243; index_type=\u00bbcarousel\u00bb loop=\u00bbsize:9|order_by:date|post_type:post|taxonomy_count:10&#8243; carousel_lg=\u00bb4&#8243; carousel_md=\u00bb2&#8243; carousel_sm=\u00bb2&#8243; thumb_size=\u00bbthree-two\u00bb gutter_size=\u00bb4&#8243; post_items=\u00bbmedia|featured|onpost|poster,title,spacer|half,text|excerpt|160&#8243; portfolio_items=\u00bbtitle,media|featured|onpost|poster,date,author|md_size|display_qualification\u00bb carousel_v_align=\u00bbmiddle\u00bb carousel_interval=\u00bb0&#8243; carousel_navspeed=\u00bb1000&#8243; carousel_overflow=\u00bbyes\u00bb carousel_dots=\u00bbyes\u00bb carousel_dots_space=\u00bbyes\u00bb carousel_dots_mobile=\u00bbyes\u00bb carousel_dot_position=\u00bbleft\u00bb carousel_width_percent=\u00bb100&#8243; carousel_half_opacity=\u00bbyes\u00bb carousel_pointer_events=\u00bbyes\u00bb stage_padding=\u00bb0&#8243; single_overlay_opacity=\u00bb50&#8243; single_overlay_anim=\u00bbno\u00bb single_padding=\u00bb2&#8243; single_title_dimension=\u00bbh4&#8243; single_border=\u00bbyes\u00bb single_css_animation=\u00bbparallax\u00bb single_parallax_intensity=\u00bb2&#8243; single_animation_first=\u00bbyes\u00bb post_matrix=\u00bbmatrix\u00bb matrix_amount=\u00bb2&#8243; custom_cursor=\u00bbaccent\u00bb matrix_items=\u00bbeyIxX2kiOnsidGV4dF9sZW5ndGgiOiI1MCIsInNpbmdsZV9sYXlvdXRfcG9zdF9pdGVtcyI6Im1lZGlhfGZlYXR1cmVkfG9ucG9zdHxwb3N0ZXIsdGl0bGUsc3BhY2VyfGhhbGYsdGV4dHxleGNlcnB0LG1lZGlhfGZlYXR1cmVkfG9ucG9zdHxwb3N0ZXIsdGl0bGUsc3BhY2VyfGhhbGYsdGV4dHxleGNlcnB0LG1lZGlhfGZlYXR1cmVkfG9ucG9zdHxwb3N0ZXIsdGl0bGUsc3BhY2VyfGhhbGYsdGV4dHxleGNlcnB0Iiwic2luZ2xlX2Nzc19hbmltYXRpb24iOiJwYXJhbGxheCIsInNpbmdsZV9wYXJhbGxheCI6InN1YnRsZSIsInNpbmdsZV9wYXJhbGxheF9pbnRlbnNpdHkiOiI0In0sIjBfaSI6eyJzaW5nbGVfY3NzX2FuaW1hdGlvbiI6IiJ9fQ==\u00bb uncode_shortcode_id=\u00bb126187&#8243;][\/vc_column_inner][\/vc_row_inner][\/vc_column][\/vc_row][vc_row unlock_row_content=\u00bbyes\u00bb row_height_percent=\u00bb0&#8243; override_padding=\u00bbyes\u00bb h_padding=\u00bb4&#8243; top_padding=\u00bb4&#8243; bottom_padding=\u00bb4&#8243; back_color=\u00bbcolor-lxmt\u00bb overlay_alpha=\u00bb100&#8243; gutter_size=\u00bb100&#8243; column_width_percent=\u00bb100&#8243; shift_y=\u00bb0&#8243; z_index=\u00bb0&#8243; content_parallax=\u00bb0&#8243; style=\u00bbinherited\u00bb uncode_shortcode_id=\u00bb947901&#8243; back_color_type=\u00bbuncode-palette\u00bb][vc_column column_width_percent=\u00bb100&#8243; gutter_size=\u00bb3&#8243; overlay_alpha=\u00bb50&#8243; shift_x=\u00bb0&#8243; shift_y=\u00bb0&#8243; shift_y_down=\u00bb0&#8243; z_index=\u00bb0&#8243; medium_width=\u00bb0&#8243; mobile_width=\u00bb0&#8243; width=\u00bb1\/1&#8243; uncode_shortcode_id=\u00bb919436&#8243;][uncode_index el_id=\u00bbindex-15588655905&#8243; index_type=\u00bbcarousel\u00bb loop=\u00bbsize:10|order_by:date|post_type:post|taxonomy_count:10&#8243; carousel_lg=\u00bb5&#8243; carousel_md=\u00bb3&#8243; carousel_sm=\u00bb1&#8243; thumb_size=\u00bbfive-four\u00bb gutter_size=\u00bb3&#8243; inner_padding=\u00bbyes\u00bb post_items=\u00bbmedia|featured|onpost|poster,category|colorbg|topright|display-icon,title|-,text|excerpt|74&#8243; page_items=\u00bbtitle,media,text,category\u00bb product_items=\u00bbtitle,media,text,category,price\u00bb portfolio_items=\u00bbtitle,media,text,category\u00bb carousel_interval=\u00bb3000&#8243; carousel_navspeed=\u00bb400&#8243; stage_padding=\u00bb0&#8243; single_back_color=\u00bbcolor-xsdn\u00bb single_shape=\u00bbround\u00bb radius=\u00bbxs\u00bb single_overlay_opacity=\u00bb50&#8243; single_overlay_anim=\u00bbno\u00bb single_text_visible=\u00bbyes\u00bb single_text_anim=\u00bbno\u00bb single_padding=\u00bb2&#8243; single_title_dimension=\u00bbh5&#8243; single_border=\u00bbyes\u00bb single_css_animation=\u00bbbottom-t-top\u00bb single_animation_delay=\u00bb200&#8243; single_half_padding=\u00bb\u00bb single_title_bold=\u00bbyes\u00bb single_title_serif=\u00bb\u00bb single_title_divider=\u00bb\u00bb single_no_background=\u00bb\u00bb items=\u00bbe30=\u00bb footer_position=\u00bbleft\u00bb carousel_rtl=\u00bb\u00bb single_icon=\u00bbfa fa-plus2&#8243; filtering_transform=\u00bbuppercase\u00bb uncode_shortcode_id=\u00bb152481&#8243;][\/vc_column][\/vc_row]<\/p>\n<\/div>","protected":false},"excerpt":{"rendered":"<p>Explora nuestra exclusiva selecci\u00f3n de casas y chal\u00e9s en venta en La Cerdanya. Descubra propiedades \u00fanicas en un entorno natural espectacular, perfectas para escapadas de monta\u00f1a o un hogar permanente. Asesoramiento experto para tu compra ideal.<\/p>\n","protected":false},"author":10,"featured_media":0,"parent":0,"menu_order":0,"comment_status":"closed","ping_status":"closed","template":"","meta":{"_acf_changed":false,"footnotes":""},"class_list":["post-3299","page","type-page","status-publish","hentry"],"acf":[],"_links":{"self":[{"href":"https:\/\/vinclecerdanya.com\/es\/wp-json\/wp\/v2\/pages\/3299","targetHints":{"allow":["GET"]}}],"collection":[{"href":"https:\/\/vinclecerdanya.com\/es\/wp-json\/wp\/v2\/pages"}],"about":[{"href":"https:\/\/vinclecerdanya.com\/es\/wp-json\/wp\/v2\/types\/page"}],"author":[{"embeddable":true,"href":"https:\/\/vinclecerdanya.com\/es\/wp-json\/wp\/v2\/users\/10"}],"replies":[{"embeddable":true,"href":"https:\/\/vinclecerdanya.com\/es\/wp-json\/wp\/v2\/comments?post=3299"}],"version-history":[{"count":4,"href":"https:\/\/vinclecerdanya.com\/es\/wp-json\/wp\/v2\/pages\/3299\/revisions"}],"predecessor-version":[{"id":34375,"href":"https:\/\/vinclecerdanya.com\/es\/wp-json\/wp\/v2\/pages\/3299\/revisions\/34375"}],"wp:attachment":[{"href":"https:\/\/vinclecerdanya.com\/es\/wp-json\/wp\/v2\/media?parent=3299"}],"curies":[{"name":"wp","href":"https:\/\/api.w.org\/{rel}","templated":true}]}}