{"id":3251,"date":"2023-07-21T04:23:59","date_gmt":"2023-07-21T04:23:59","guid":{"rendered":"https:\/\/vinclecerdanya.com\/alp-masella-la-molina\/"},"modified":"2024-04-17T12:01:27","modified_gmt":"2024-04-17T12:01:27","slug":"alp-masella-la-molina","status":"publish","type":"page","link":"https:\/\/vinclecerdanya.com\/es\/poblaciones\/alp-masella-la-molina\/","title":{"rendered":"ALP \/ MASELLA \/ LA MOLINA"},"content":{"rendered":"<div class=\"wpb-content-wrapper\"><p>[vc_row row_height_percent=\u00bb10&#8243; override_padding=\u00bbyes\u00bb h_padding=\u00bb2&#8243; top_padding=\u00bb1&#8243; bottom_padding=\u00bb1&#8243; back_color=\u00bbcolor-104119&#8243; overlay_alpha=\u00bb50&#8243; gutter_size=\u00bb3&#8243; column_width_percent=\u00bb100&#8243; shift_y=\u00bb0&#8243; z_index=\u00bb0&#8243; uncode_shortcode_id=\u00bb119760&#8243; back_color_type=\u00bbuncode-palette\u00bb][vc_column column_width_percent=\u00bb100&#8243; position_vertical=\u00bbmiddle\u00bb align_horizontal=\u00bbalign_center\u00bb gutter_size=\u00bb3&#8243; style=\u00bbdark\u00bb overlay_alpha=\u00bb50&#8243; shift_x=\u00bb0&#8243; shift_y=\u00bb0&#8243; shift_y_down=\u00bb0&#8243; z_index=\u00bb0&#8243; medium_width=\u00bb0&#8243; mobile_width=\u00bb0&#8243; width=\u00bb1\/1&#8243; uncode_shortcode_id=\u00bb717403&#8243;][vc_custom_heading text_font=\u00bbfont-203347&#8243; text_size=\u00bbh6&#8243; text_weight=\u00bb300&#8243; text_transform=\u00bbuppercase\u00bb text_space=\u00bbfontspace-103206&#8243; uncode_shortcode_id=\u00bb547839&#8243;]ALP \/ MASELLA \/ LA MOLINA[\/vc_custom_heading][\/vc_column][\/vc_row][vc_row row_height_percent=\u00bb10&#8243; override_padding=\u00bbyes\u00bb h_padding=\u00bb2&#8243; top_padding=\u00bb3&#8243; bottom_padding=\u00bb3&#8243; back_color=\u00bbcolor-xsdn\u00bb overlay_alpha=\u00bb50&#8243; gutter_size=\u00bb3&#8243; column_width_percent=\u00bb100&#8243; shift_y=\u00bb0&#8243; z_index=\u00bb0&#8243; uncode_shortcode_id=\u00bb901555&#8243; back_color_type=\u00bbuncode-palette\u00bb][vc_column column_width_percent=\u00bb100&#8243; position_vertical=\u00bbmiddle\u00bb align_horizontal=\u00bbalign_center\u00bb gutter_size=\u00bb3&#8243; overlay_alpha=\u00bb50&#8243; shift_x=\u00bb0&#8243; shift_y=\u00bb0&#8243; shift_y_down=\u00bb0&#8243; z_index=\u00bb0&#8243; medium_width=\u00bb0&#8243; mobile_width=\u00bb0&#8243; width=\u00bb1\/1&#8243; uncode_shortcode_id=\u00bb125687&#8243;][vc_column_text text_lead=\u00bbyes\u00bb uncode_shortcode_id=\u00bb180032&#8243;]La proximidad a las estaciones de Esqu\u00ed de Masella y La Molina ejerce una clara influencia en la preferencia de quien decide adquirir una propiedad en la conocida localidad de Alp. Es una de las poblaciones de la Cerdanya que ofrece realmente todos los servicios necesarios. Sus calles centrales, con una espl\u00e9ndida oferta gastron\u00f3mica, est\u00e1n rodeadas de las antiguas casas de pueblo, proporcion\u00e1ndole un encanto excepcional.[\/vc_column_text][\/vc_column][\/vc_row][vc_row row_height_percent=\u00bb5&#8243; override_padding=\u00bbyes\u00bb h_padding=\u00bb2&#8243; top_padding=\u00bb1&#8243; bottom_padding=\u00bb1&#8243; back_color=\u00bbcolor-gyho\u00bb overlay_alpha=\u00bb50&#8243; gutter_size=\u00bb3&#8243; column_width_percent=\u00bb100&#8243; shift_y=\u00bb0&#8243; z_index=\u00bb0&#8243; uncode_shortcode_id=\u00bb126793&#8243; back_color_type=\u00bbuncode-palette\u00bb][vc_column column_width_percent=\u00bb100&#8243; position_vertical=\u00bbmiddle\u00bb align_horizontal=\u00bbalign_center\u00bb gutter_size=\u00bb3&#8243; style=\u00bblight\u00bb overlay_alpha=\u00bb50&#8243; shift_x=\u00bb0&#8243; shift_y=\u00bb0&#8243; shift_y_down=\u00bb0&#8243; z_index=\u00bb0&#8243; medium_width=\u00bb0&#8243; mobile_width=\u00bb0&#8243; width=\u00bb1\/1&#8243; uncode_shortcode_id=\u00bb110350&#8243;][vc_custom_heading text_font=\u00bbfont-203347&#8243; text_size=\u00bbh6&#8243; text_weight=\u00bb300&#8243; text_transform=\u00bbuppercase\u00bb text_space=\u00bbfontspace-103206&#8243; uncode_shortcode_id=\u00bb114979&#8243;]PROPIEDADES[\/vc_custom_heading][\/vc_column][\/vc_row][vc_row unlock_row_content=\u00bbyes\u00bb row_height_percent=\u00bb5&#8243; override_padding=\u00bbyes\u00bb h_padding=\u00bb0&#8243; top_padding=\u00bb1&#8243; bottom_padding=\u00bb1&#8243; back_color=\u00bbcolor-xsdn\u00bb overlay_alpha=\u00bb50&#8243; gutter_size=\u00bb3&#8243; column_width_percent=\u00bb100&#8243; shift_y=\u00bb0&#8243; z_index=\u00bb0&#8243; uncode_shortcode_id=\u00bb131039&#8243; back_color_type=\u00bbuncode-palette\u00bb][vc_column column_width_percent=\u00bb100&#8243; position_vertical=\u00bbmiddle\u00bb align_horizontal=\u00bbalign_center\u00bb gutter_size=\u00bb3&#8243; style=\u00bblight\u00bb overlay_alpha=\u00bb50&#8243; shift_x=\u00bb0&#8243; shift_y=\u00bb0&#8243; shift_y_down=\u00bb0&#8243; z_index=\u00bb0&#8243; medium_width=\u00bb0&#8243; mobile_width=\u00bb0&#8243; width=\u00bb1\/1&#8243; uncode_shortcode_id=\u00bb110350&#8243;][uncode_index el_id=\u00bbcustom-propiedad-gallery\u00bb loop=\u00bbsize:100|order_by:date|post_type:propiedad|tax_query:326|taxonomy_count:100&#8243; index_back_color=\u00bbcolor-104119&#8243; screen_lg=\u00bb1000&#8243; screen_md=\u00bb600&#8243; screen_sm=\u00bb480&#8243; gutter_size=\u00bb0&#8243; inner_padding=\u00bbyes\u00bb propiedad_items=\u00bbmedia|featured|onpost|original,title,sep-one|full,precio,habitaciones,banos,aseos,metros_cuadrados_vivienda,link|default|default_size|scale_mobile|Veure informaci\u00f3\u00bb infinite=\u00bbyes\u00bb infinite_button=\u00bbicon\u00bb footer_full_width=\u00bbyes\u00bb advanced_videos=\u00bbyes\u00bb single_text=\u00bboverlay\u00bb images_size=\u00bbfour-three\u00bb single_overlay_color=\u00bbcolor-jevc\u00bb single_overlay_opacity=\u00bb25&#8243; single_overlay_visible=\u00bbyes\u00bb single_text_visible=\u00bbyes\u00bb single_h_align=\u00bbcenter\u00bb single_h_align_mobile=\u00bbcenter\u00bb single_padding=\u00bb2&#8243; single_text_reduced=\u00bbyes\u00bb single_title_family=\u00bbfont-203347&#8243; single_title_dimension=\u00bbh3&#8243; single_title_weight=\u00bb300&#8243; single_title_transform=\u00bbuppercase\u00bb single_border=\u00bbyes\u00bb uncode_shortcode_id=\u00bb207783&#8243; index_back_color_type=\u00bbuncode-palette\u00bb][\/vc_column][\/vc_row]<\/p>\n<\/div>","protected":false},"excerpt":{"rendered":"<p>[vc_row row_height_percent=\u00bb10&#8243; override_padding=\u00bbyes\u00bb h_padding=\u00bb2&#8243; top_padding=\u00bb1&#8243; bottom_padding=\u00bb1&#8243; back_color=\u00bbcolor-104119&#8243; overlay_alpha=\u00bb50&#8243; gutter_size=\u00bb3&#8243; column_width_percent=\u00bb100&#8243; shift_y=\u00bb0&#8243; z_index=\u00bb0&#8243; uncode_shortcode_id=\u00bb119760&#8243; back_color_type=\u00bbuncode-palette\u00bb][vc_column column_width_percent=\u00bb100&#8243; position_vertical=\u00bbmiddle\u00bb align_horizontal=\u00bbalign_center\u00bb gutter_size=\u00bb3&#8243; style=\u00bbdark\u00bb overlay_alpha=\u00bb50&#8243; [&hellip;]<\/p>\n","protected":false},"author":10,"featured_media":2412,"parent":3271,"menu_order":0,"comment_status":"closed","ping_status":"closed","template":"","meta":{"_acf_changed":false,"footnotes":""},"class_list":["post-3251","page","type-page","status-publish","has-post-thumbnail","hentry","page_category-alp-masella-la-molina-es"],"acf":[],"_links":{"self":[{"href":"https:\/\/vinclecerdanya.com\/es\/wp-json\/wp\/v2\/pages\/3251","targetHints":{"allow":["GET"]}}],"collection":[{"href":"https:\/\/vinclecerdanya.com\/es\/wp-json\/wp\/v2\/pages"}],"about":[{"href":"https:\/\/vinclecerdanya.com\/es\/wp-json\/wp\/v2\/types\/page"}],"author":[{"embeddable":true,"href":"https:\/\/vinclecerdanya.com\/es\/wp-json\/wp\/v2\/users\/10"}],"replies":[{"embeddable":true,"href":"https:\/\/vinclecerdanya.com\/es\/wp-json\/wp\/v2\/comments?post=3251"}],"version-history":[{"count":0,"href":"https:\/\/vinclecerdanya.com\/es\/wp-json\/wp\/v2\/pages\/3251\/revisions"}],"up":[{"embeddable":true,"href":"https:\/\/vinclecerdanya.com\/es\/wp-json\/wp\/v2\/pages\/3271"}],"wp:featuredmedia":[{"embeddable":true,"href":"https:\/\/vinclecerdanya.com\/es\/wp-json\/wp\/v2\/media\/2412"}],"wp:attachment":[{"href":"https:\/\/vinclecerdanya.com\/es\/wp-json\/wp\/v2\/media?parent=3251"}],"curies":[{"name":"wp","href":"https:\/\/api.w.org\/{rel}","templated":true}]}}