{"id":3241,"date":"2023-07-07T08:56:04","date_gmt":"2023-07-07T06:56:04","guid":{"rendered":"https:\/\/vinclecerdanya.com\/vinculo-cerdanya\/"},"modified":"2025-12-30T18:26:10","modified_gmt":"2025-12-30T16:26:10","slug":"vincle-cerdanya","status":"publish","type":"page","link":"https:\/\/vinclecerdanya.com\/es\/vincle-cerdanya\/","title":{"rendered":"Vincle Cerdanya"},"content":{"rendered":"<div class=\"wpb-content-wrapper\"><p>[vc_row row_height_percent=\u00bb0&#8243; override_padding=\u00bbyes\u00bb h_padding=\u00bb2&#8243; top_padding=\u00bb4&#8243; bottom_padding=\u00bb5&#8243; overlay_alpha=\u00bb100&#8243; gutter_size=\u00bb100&#8243; column_width_percent=\u00bb100&#8243; shift_y=\u00bb0&#8243; z_index=\u00bb0&#8243; style=\u00bbinherited\u00bb uncode_shortcode_id=\u00bb145677&#8243;][vc_column width=\u00bb1\/1&#8243;][vc_custom_heading text_color=\u00bbaccent\u00bb heading_semantic=\u00bbh6&#8243; text_font=\u00bbfont-203347&#8243; text_size=\u00bbh4&#8243; text_weight=\u00bb300&#8243; uncode_shortcode_id=\u00bb132330&#8243; text_color_type=\u00bbuncode-palette\u00bb]<em>Vincle<\/em> <strong>Cerdanya<\/strong>[\/vc_custom_heading][vc_custom_heading heading_semantic=\u00bbh1&#8243; text_font=\u00bbfont-203347&#8243; text_weight=\u00bb300&#8243; uncode_shortcode_id=\u00bb112753&#8243;]La honestidad no es s\u00f3lo un principio, es tambi\u00e9n nuestro sello[\/vc_custom_heading][vc_column_text uncode_shortcode_id=\u00bb206215&#8243;]<\/p>\n<p class=\"cvGsUA direction-ltr align-justify para-style-body\"><span class=\"a_GcMg font-feature-liga-off font-feature-clig-off font-feature-calt-off text-decoration-none text-strikethrough-none\">Bajo la direcci\u00f3n de Josep Paul, fundador y director general, Vincle Cerdanya ha sido un referente en nuestro sector durante las \u00faltimas dos d\u00e9cadas. Nuestra capacidad para liderar la marca con integridad y excelencia ha sido clave para consolidar una reputaci\u00f3n impecable, basada en la profesionalidad, la honestidad y un profundo conocimiento del territorio.<\/span><\/p>\n<p class=\"cvGsUA direction-ltr align-justify para-style-body\"><span class=\"a_GcMg font-feature-liga-off font-feature-clig-off font-feature-calt-off text-decoration-none text-strikethrough-none\">Nuestros clientes, tanto compradores como propietarios, conf\u00edan en nosotros porque sabemos que vender una propiedad no es solo una operaci\u00f3n comercial: es poner en valor cada detalle y ofrecer un servicio de calidad que marque la diferencia. Trabajamos de manera personalizada y con un equipo especializado para garantizar un proceso de venta eficiente, transparente y seguro. <\/span><\/p>\n<p class=\"cvGsUA direction-ltr align-justify para-style-body\"><span class=\"a_GcMg font-feature-liga-off font-feature-clig-off font-feature-calt-off text-decoration-none text-strikethrough-none\">En Vincle Cerdanya cada cliente es una prioridad. Nuestro compromiso es estar a vuestro lado durante todo el proceso, aportando seguridad, claridad y un acompa\u00f1amiento riguroso. <\/span><\/p>\n<p class=\"cvGsUA direction-ltr align-justify para-style-body\"><span class=\"a_GcMg font-feature-liga-off font-feature-clig-off font-feature-calt-off text-decoration-none text-strikethrough-none\">El verdadero valor de nuestra empresa radica en la confianza y relaci\u00f3n que construimos con nuestros clientes. <\/span>Vincle Cerdanya es una demostraci\u00f3n de lo que significa ofrecer un servicio excepcional.<\/p>\n<p>[\/vc_column_text][vc_custom_heading text_color=\u00bbaccent\u00bb heading_semantic=\u00bbh6&#8243; text_font=\u00bbfont-203347&#8243; text_size=\u00bbh4&#8243; text_weight=\u00bb300&#8243; uncode_shortcode_id=\u00bb439992&#8243; text_color_type=\u00bbuncode-palette\u00bb]<em>V\u00edncle<\/em> <strong>Staff<\/strong>[\/vc_custom_heading][vc_gallery el_id=\u00bbgallery-31846&#8243; medias=\u00bb2394,23826,2392,2588,23828,2391,27041,32566,2388,2917&#8243; gutter_size=\u00bb3&#8243; media_items=\u00bbmedia|nolink|original,title,caption,description,sep-one|full\u00bb screen_lg=\u00bb1000&#8243; screen_md=\u00bb600&#8243; screen_sm=\u00bb480&#8243; single_text=\u00bbunder\u00bb images_size=\u00bbthree-four\u00bb single_overlay_opacity=\u00bb50&#8243; single_overlay_anim=\u00bbno\u00bb single_text_anim=\u00bbno\u00bb single_image_anim=\u00bbno\u00bb single_h_align=\u00bbcenter\u00bb single_padding=\u00bb1&#8243; single_title_dimension=\u00bbh6&#8243; single_border=\u00bbyes\u00bb carousel_rtl=\u00bb\u00bb single_half_padding=\u00bbyes\u00bb single_title_uppercase=\u00bb\u00bb single_title_serif=\u00bb\u00bb single_no_background=\u00bbyes\u00bb items=\u00bbeyIxMzc2M19pIjp7InNpbmdsZV9saW5rIjoidXJsOmh0dHA6Ly93d3cudW5kc2duLmNvbXx8dGFyZ2V0OiBfYmxhbmsifSwiMTM3NjlfaSI6eyJzaW5nbGVfbGluayI6InVybDpodHRwOi8vd3d3LnVuZHNnbi5jb218fHRhcmdldDogX2JsYW5rIn0sIjEzNzcwX2kiOnsic2luZ2xlX2xpbmsiOiJ1cmw6aHR0cDovL3d3dy51bmRzZ24uY29tfHx0YXJnZXQ6IF9ibGFuayJ9LCIxMzc2Nl9pIjp7InNpbmdsZV9saW5rIjoidXJsOmh0dHA6Ly93d3cudW5kc2duLmNvbXx8dGFyZ2V0OiBfYmxhbmsifX0=\u00bb uncode_shortcode_id=\u00bb814583&#8243;][\/vc_column][\/vc_row]<\/p>\n<\/div>","protected":false},"excerpt":{"rendered":"<p>Conoce al equipo de Vincle Cerdanya, tus expertos inmobiliarios locales. Nuestro equipo est\u00e1 dedicado a ofrecerte el mejor servicio personalizado para encontrar la propiedad de tus sue\u00f1os en La Cerdanya. Con a\u00f1os de experiencia y un profundo conocimiento de la regi\u00f3n, estamos aqu\u00ed para guiarte en cada paso de tu viaje inmobiliario, desde la b\u00fasqueda hasta la compra. Descubre c\u00f3mo podemos ayudarte a hacer realidad tu visi\u00f3n de vivir en el coraz\u00f3n de los Pirineos.<\/p>\n","protected":false},"author":10,"featured_media":0,"parent":0,"menu_order":0,"comment_status":"closed","ping_status":"closed","template":"","meta":{"_acf_changed":false,"footnotes":""},"class_list":["post-3241","page","type-page","status-publish","hentry"],"acf":[],"_links":{"self":[{"href":"https:\/\/vinclecerdanya.com\/es\/wp-json\/wp\/v2\/pages\/3241","targetHints":{"allow":["GET"]}}],"collection":[{"href":"https:\/\/vinclecerdanya.com\/es\/wp-json\/wp\/v2\/pages"}],"about":[{"href":"https:\/\/vinclecerdanya.com\/es\/wp-json\/wp\/v2\/types\/page"}],"author":[{"embeddable":true,"href":"https:\/\/vinclecerdanya.com\/es\/wp-json\/wp\/v2\/users\/10"}],"replies":[{"embeddable":true,"href":"https:\/\/vinclecerdanya.com\/es\/wp-json\/wp\/v2\/comments?post=3241"}],"version-history":[{"count":21,"href":"https:\/\/vinclecerdanya.com\/es\/wp-json\/wp\/v2\/pages\/3241\/revisions"}],"predecessor-version":[{"id":34389,"href":"https:\/\/vinclecerdanya.com\/es\/wp-json\/wp\/v2\/pages\/3241\/revisions\/34389"}],"wp:attachment":[{"href":"https:\/\/vinclecerdanya.com\/es\/wp-json\/wp\/v2\/media?parent=3241"}],"curies":[{"name":"wp","href":"https:\/\/api.w.org\/{rel}","templated":true}]}}